{"id":125,"date":"2022-11-10T09:50:35","date_gmt":"2022-11-10T08:50:35","guid":{"rendered":"https:\/\/cloudelite.pl\/?page_id=125"},"modified":"2025-11-28T11:12:50","modified_gmt":"2025-11-28T10:12:50","slug":"privacy-policy-of-cloud-elite","status":"publish","type":"page","link":"https:\/\/cloudelitepro.com\/de\/privacy-policy-of-cloud-elite\/","title":{"rendered":"Datenschutzrichtlinie von Cloud Elite"},"content":{"rendered":"<div class=\"vc_row wpb_row vc_row-fluid vc_custom_1668068853655 vc_row-has-fill vc_column-gap-20 vc_row-o-equal-height vc_row-o-content-top vc_row-flex\"><div class=\"wpb_column vc_column_container vc_col-sm-12\"><div class=\"vc_column-inner\"><div class=\"wpb_wrapper\"><div class=\"vc_row wpb_row vc_inner vc_row-fluid vc_custom_1666613868401 vc_row-has-fill\"><div class=\"wpb_column vc_column_container vc_col-sm-12\"><div class=\"vc_column-inner\"><div class=\"wpb_wrapper\"><h1 style=\"font-size: 70px;color: #241c63;text-align: justify;font-family:Raleway;font-weight:900;font-style:normal\" class=\"vc_custom_heading wpb_animate_when_almost_visible wpb_fadeIn fadeIn\" >Privacy Policy of Cloud Elite Pro<\/h1><h3 style=\"font-size: 30px;color: #241c63;text-align: justify;font-family:Raleway;font-weight:700;font-style:normal\" class=\"vc_custom_heading wpb_animate_when_almost_visible wpb_fadeIn fadeIn\" >ALLGEMEINE INFORMATIONEN<\/h3>\n\t<div class=\"wpb_text_column wpb_content_element\" >\n\t\t<div class=\"wpb_wrapper\">\n\t\t\t<h4>Der Datenverantwortliche ist CLOUD ELITE SP. Z OO, mit Sitz in G\u00f3raszka, Stra\u00dfe Kacze\u0144c\u00f3w 12B, eingetragen beim Bezirksgericht der Hauptstadt Warschau in Warschau, XIV. Wirtschaftsabteilung \u2013 Landesgerichtsregister im Unternehmerregister des Landesgerichtsregisters unter der Nummer 0000885620; NIP: 5322091933; REGON:388268331, (im Folgenden als \u201edas Unternehmen\u201c oder \u201eder Verantwortliche\u201c bezeichnet) kann Daten (einschlie\u00dflich personenbezogener Daten) \u00fcber die Benutzer (im Folgenden der \u201eBenutzer\u201c) dieser Website und\/oder jeglicher Dienste (d. h. technische Hilfe\/Unterst\u00fctzung, Kommunikationsmittel, Kundendienst, Reklamationen) (im Folgenden die Dienste).<\/h4>\n<h4>The Controller takes care to ensure a high standard of protection for the users, interested parties, and visitors to www.cloudelitepro.com. This Privacy Policy (hereinafter the \u2018Policy\u2019) sets forth the rules for collecting, processing and using the personal data of the website\u2019s users, interested parties, and visitors.<\/h4>\n<h4>Der Zweck dieser Richtlinie besteht in erster Linie darin, die Benutzer, Besucher und Interessenten \u00fcber ihre Rechte in Bezug auf die Verarbeitung ihrer Daten durch den Verantwortlichen zu informieren.<\/h4>\n<h4>In the event of any questions or concerns regarding data protection, don&#8217;t hesitate to get in touch with the Controller directly: office<strong>@cloudelitepro.com<\/strong><\/h4>\n\n\t\t<\/div>\n\t<\/div>\n<h3 style=\"font-size: 30px;color: #241c63;text-align: justify;font-family:Raleway;font-weight:700;font-style:normal\" class=\"vc_custom_heading wpb_animate_when_almost_visible wpb_fadeIn fadeIn\" >SCHUTZ PERSONENBEZOGENER DATEN<\/h3>\n\t<div class=\"wpb_text_column wpb_content_element\" >\n\t\t<div class=\"wpb_wrapper\">\n\t\t\t<h4>Alle personenbezogenen Daten werden vom Verantwortlichen gem\u00e4\u00df der Verordnung (EU) 2016\/679 des Europ\u00e4ischen Parlaments und des Rates vom 27. April 2016 zum Schutz nat\u00fcrlicher Personen bei der Verarbeitung personenbezogener Daten und zum freien Datenverkehr verarbeitet , zur Aufhebung der Richtlinie 95\/46\/EG (im Folgenden: \u201eDSGVO\u201c).<\/h4>\n<h4>Der Verantwortliche erhebt ohne Zustimmung der Eltern oder Erziehungsberechtigten des Kindes nicht absichtlich personenbezogene Daten von Kindern unter 16 Jahren. Im Zweifelsfall werden Eltern und Erziehungsberechtigte gebeten, sich unter\ndata.security@cloudelite.com an das Unternehmen zu wenden<br \/>\n<strong>office@cloudelitepro.com<\/strong><\/h4>\n\n\t\t<\/div>\n\t<\/div>\n<h3 style=\"font-size: 30px;color: #241c63;text-align: justify;font-family:Raleway;font-weight:700;font-style:normal\" class=\"vc_custom_heading wpb_animate_when_almost_visible wpb_fadeIn fadeIn\" >ZWECK UND RECHTSGRUNDLAGE DER VERARBEITUNG PERSONENBEZOGENER DATEN<\/h3>\n\t<div class=\"wpb_text_column wpb_content_element\" >\n\t\t<div class=\"wpb_wrapper\">\n\t\t\t<h4>Your personal data may be processed for the purpose of:<br \/>\nPerforming a contract or taking an action at your request prior to the conclusion of a contract and for the purpose of pursuing claims under the contract &#8211; Article 6(1)(b) and\/or (f) GDPR;<br \/>\nanswering the questions, you asked via the contact form and\/or address e-mail, which is in the exercise of the Company\u2019s legitimate interest &#8211; Article 6(1)(f) GDPR;<br \/>\nfulfilling the Company\u2019s legal obligations, including tax and accounting legislation -Article 6(1)(c) GDPR;<br \/>\ndirect marketing activities through the information channel of your choice as well as adapting our websites, offers, and advertising to your interests, which are based on your voluntary and explicit consent &#8211; Article 6(1)(a) GDPR;<br \/>\nproviding you marketing information about our products and services as well as relevant third-party products and services by other means, such as advertising on websites which is based on Company&#8217;s legitimate interest &#8211; Article 6(1)(f) GDPR;<br \/>\nThe provision of personal data by users is voluntary but is required in order to be able to use the Controller\u2019s services provided via\u00a0<strong>www.cloudelitepro.com<\/strong><\/h4>\n\n\t\t<\/div>\n\t<\/div>\n<h3 style=\"font-size: 30px;color: #241c63;text-align: justify;font-family:Raleway;font-weight:700;font-style:normal\" class=\"vc_custom_heading wpb_animate_when_almost_visible wpb_fadeIn fadeIn\" >KATEGORIEN DER VERARBEITETEN DATEN<\/h3>\n\t<div class=\"wpb_text_column wpb_content_element\" >\n\t\t<div class=\"wpb_wrapper\">\n\t\t\t<h4>Abh\u00e4ngig von der Art der Dienstleistungen und dem Umfang der vom Benutzer erteilten Zustimmung verarbeitet das Unternehmen eine oder mehrere Informationen der gespeicherten Daten: Name\/Nachname, E-Mail-Adresse, Telefonnummer, IP-Adresse; und andere technische Informationen (z. B. in Bezug auf die Art von Ger\u00e4ten und anderen Tools, einen Webbrowser), Informationen, die zur Bereitstellung technischer Hilfe oder Unterst\u00fctzung erforderlich sind (z. B. Parameter, Protokolle, andere Beschreibungen), ge\u00f6ffnete Seiten, Dauer des Besuchs, Anzahl der B. verschiedene Seitenaufrufe, Anzahl der Besuche, Verweisquelle, Daten des ISP und die Daten des Abonnenten \u2013 diese werden jedoch nur f\u00fcr statistische Zwecke oder zur Gew\u00e4hrleistung des korrekten Betriebs der Website verwendet.<\/h4>\n\n\t\t<\/div>\n\t<\/div>\n<h3 style=\"font-size: 30px;color: #241c63;text-align: justify;font-family:Raleway;font-weight:700;font-style:normal\" class=\"vc_custom_heading wpb_animate_when_almost_visible wpb_fadeIn fadeIn\" >DEINE RECHTE<\/h3>\n\t<div class=\"wpb_text_column wpb_content_element\" >\n\t\t<div class=\"wpb_wrapper\">\n\t\t\t<h4 class=\" translation-block\">Under the applicable law, the following rights are vested in the User, in particular:<br>\r\nthe right to access Personal Data;<br>\r\nthe right to request to rectify, correct, or delete the Personal Data;<br>\r\nthe right to object (forbid) to the processing of Personal Data;<br>\r\nthe right to request a restriction of Personal Data processing;<br>\r\nthe right to request a transfer of Personal Data to another entity;<br>\r\nThe User has the right to request the erasure of personal data (the right to be forgotten) without undue delay if:<br>\r\nThe Personal Data is no longer necessary in relation to the purposes for which they were collected or otherwise processed; the consent given earlier has been effectively revoked unless The Company has the right to process the data on another legal ground;<br>\r\nthe User objects to the processing of Personal Data for marketing purposes;<br>\r\nthe deletion of the Personal Data would be necessary to fulfill The Company\u2019s legal obligation; the processing of the data was not in accordance with the applicable law;<br>\r\nthe User objects to the processing (also by profiling) of Personal Data based on the legally legitimate interest pursued by the Company or by the third party unless there are valid, legally justified grounds for the processing of the User\u2019s Personal Data that override the interests, rights, and freedoms of the User or there are grounds for establishing, exercising or defending legal claims.<br>\r\nThe User has the right to withdraw the consent to the processing of Personal Data at any time, but the withdrawal does not affect the lawfulness of processing based on consent before its withdrawal.<\/h4>\n<h4>In order to exercise the aforesaid right or in the case of any questions or doubts about personal data protection, don&#8217;t hesitate to get in touch with the Company at office<strong>@cloudelitepro.com<\/strong><\/h4>\n\n\t\t<\/div>\n\t<\/div>\n<h3 style=\"font-size: 30px;color: #241c63;text-align: justify;font-family:Raleway;font-weight:700;font-style:normal\" class=\"vc_custom_heading wpb_animate_when_almost_visible wpb_fadeIn fadeIn\" >\u00dcBERTRAGUNG DER PERSONENBEZOGENEN DATEN<\/h3>\n\t<div class=\"wpb_text_column wpb_content_element\" >\n\t\t<div class=\"wpb_wrapper\">\n\t\t\t<h4 class=\" translation-block\">The Company may be obliged to provide Personal Data to the following category of recipients, in particular:<br>\r\nBusiness partners \u2013 if necessary, in connection with The Company\u2019s business activity, especially for the purpose of performing contracts with such third parties, providing services, and ensuring the appropriate standards of performance and compliance with the provisions of the law and safety requirements, communicating with the User and with third parties, meeting financial obligations and responding to User\u2019s requests and legal demands; third parties providing day-to-day services for the Company (e.g., legal advisors, tax advisors, IT service providers, auditors, accounting companies, outsourced workforce providers, customer service, software providers, e-mail operators, server hosting providers); entities entitled to binding regulations (e.g., administrative bodies, supervisory bodies, regulators, law enforcement bodies); other parties as notified to the User at the time of Personal Data collection.<br>\r\nThe Company may enter into written data processing contracts with another entity (further: the \u2018Processor\u2019). The right to enter into such contracts arises from the provisions of the law. The Company transfers the Personal Data solely in the scope necessary for the realization of the aim agreed with Processor and only to the extent necessary for the purposes of such aim, applies all required legal and technical measures for the protection of the Personal Data in order to ensure the highest quality of the Services.<\/h4>\n<h4>Bitte beachten Sie au\u00dferdem, dass Ihre personenbezogenen Daten au\u00dferhalb des Europ\u00e4ischen Wirtschaftsraums \u00fcbertragen werden k\u00f6nnen; Daher m\u00f6chten wir Sie darauf hinweisen, dass die Gefahr eines unzureichenden Schutzes Ihrer Daten besteht. Grundlage f\u00fcr die \u00dcbermittlung personenbezogener Daten ist in diesem Fall Ihre freiwillig erteilte Einwilligung gem. Art. 6 Abs. 1 lit. a DSGVO.<\/h4>\n\n\t\t<\/div>\n\t<\/div>\n<h3 style=\"font-size: 30px;color: #241c63;text-align: justify;font-family:Raleway;font-weight:700;font-style:normal\" class=\"vc_custom_heading wpb_animate_when_almost_visible wpb_fadeIn fadeIn\" >DAUER DER DATENAUFBEWAHRUNG<\/h3>\n\t<div class=\"wpb_text_column wpb_content_element\" >\n\t\t<div class=\"wpb_wrapper\">\n\t\t\t<h4 class=\" translation-block\">The Company stores the Personal Data solely for the period necessary for obtaining purposes specified in this Privacy Policy for which the Personal Data has been collected. In certain extraordinary situations, longer retention periods may be required under the law (e.g. settlement, tax issues, legal proceedings\/claims). However, in each case, data retention is based on an appropriate legal base \u2013 e.g. consent or binding provision of law.<br>\r\nPersonal Data will be processed over the time specified as follows:<br>\r\nFulfilling the legal obligations arising from the provisions of the GDPR in connection with the exercise of User\u2019s rights and archiving the requests made to us or informing us about privacy risks, as well as fulfilling the obligations arising from tax law and other applicable legal regulations \u2013 until the expiry of the limitation periods;&nbsp;necessary in the context of contact through a form or other application and necessary for the preparation and presentation of response or offer of cooperation \u2013 until the objection is raised or consent to such contact is revoked;<br>\r\nto conduct marketing activities regarding the services we offer \u2013 until such processing is objected to or until withdrawn of the consent to receive information with such content;&nbsp;if the processing of Personal Data is based on the consent \u2013 until it is withdrawn;<\/h4>\n\n\t\t<\/div>\n\t<\/div>\n<h3 style=\"font-size: 30px;color: #241c63;text-align: justify;font-family:Raleway;font-weight:700;font-style:normal\" class=\"vc_custom_heading wpb_animate_when_almost_visible wpb_fadeIn fadeIn\" >COOKIE-DATEIEN<\/h3>\n\t<div class=\"wpb_text_column wpb_content_element\" >\n\t\t<div class=\"wpb_wrapper\">\n\t\t\t<h4>Bitte beachten Sie, dass die Website Cookies verwendet, um ordnungsgem\u00e4\u00df zu funktionieren.<\/h4>\n<h4 class=\" translation-block\">Cookies are small information in the form of a text file sent by the website and then saved on the end device (computer, tablet, smartphone), which is used to browse the web.<br>\r\nThis Site uses its own cookies (their purpose is to ensure the proper functioning of the site\u2019s functionality), while third-party cookies (required in order to use the functions provided by third parties) are used by third-party systems (Google Analytics, social media plugins, etc.).<br>\r\nThe purpose of using Cookies is not to collect any Personal Data about the User visiting the Site; however, it is not excluded that the information collected through Cookies will be recognized as Personal Data.<\/h4>\n\n\t\t<\/div>\n\t<\/div>\n<h3 style=\"font-size: 30px;color: #241c63;text-align: justify;font-family:Raleway;font-weight:700;font-style:normal\" class=\"vc_custom_heading wpb_animate_when_almost_visible wpb_fadeIn fadeIn\" >Cookies werden f\u00fcr folgende Zwecke verwendet:<\/h3>\n\t<div class=\"wpb_text_column wpb_content_element\" >\n\t\t<div class=\"wpb_wrapper\">\n\t\t\t<h4 class=\" translation-block\">Maintenance of the started session; configuration of the site and adjusting it to the user\u2019s preferences; analysis of the clicks, displays, and visits to the Site; maps of moving around the Site; and time spent on the site; marketing analysis and statistics.<br>\r\nIn some circumstances, the Controller may work with third parties to provide services on the website. For example, third-party analytics providers may use their own Cookies to collect information about Users\u2019 activities and\/or marketing statistics. This information may be used for statistical purposes, analysis of the traffic recorded on the site and optimizing its functionality (to be more accessible and intuitive). The Controller does not control these Cookies. In order to disable or reject third-party Cookies, please refer to the relevant third-party\u2019s website.<br>\r\nExternal cookies of social networking sites (e.g., Facebook, LinkedIn, Twitter, Google) are attached by the Company to use their interactive features.<br>\r\nDuring the first visit to the Site, information regarding Cookies used is displayed. By activating the \u201cAccept\u201d button, you agree to save cookies on your terminal device. You can change the settings for cookies or delete them from your browser.<\/h4>\n<h4 class=\" translation-block\">The links to guides on how to disable the option of accepting Cookies in popular browsers are presented below:<br>\r\nChrome<br>\r\nFirefox<br>\r\nSafari<br>\r\nMicrosoft Edge<br>\r\nWe point out that disabling, limiting, or not accepting Cookies may result in malfunctioning of the Website or other unforeseeable difficulties.<\/h4>\n\n\t\t<\/div>\n\t<\/div>\n<h3 style=\"font-size: 30px;color: #241c63;text-align: justify;font-family:Raleway;font-weight:700;font-style:normal\" class=\"vc_custom_heading wpb_animate_when_almost_visible wpb_fadeIn fadeIn\" >SICHERHEITSMASSNAHMEN<\/h3>\n\t<div class=\"wpb_text_column wpb_content_element\" >\n\t\t<div class=\"wpb_wrapper\">\n\t\t\t<h4>Der Verantwortliche wendet technische und organisatorische Ma\u00dfnahmen zum Schutz der verarbeiteten personenbezogenen Daten an, die an die Risiken und Kategorien der gesch\u00fctzten Daten angepasst sind. Die Daten werden technisch und organisatorisch vor unbefugtem Zugriff, missbr\u00e4uchlicher Verarbeitung, Ver\u00e4nderung, Verlust, Besch\u00e4digung oder Zerst\u00f6rung gesch\u00fctzt.<\/h4>\n<h4>Wir wenden das Prinzip der Datenminimierung gem\u00e4\u00df den DSGVO-Vorschriften an und verarbeiten nur diejenigen Daten, die ausschlie\u00dflich zur Bereitstellung unserer Dienste und zur Aufrechterhaltung einer zufriedenstellenden Qualit\u00e4t f\u00fcr die Benutzer erforderlich sind.<\/h4>\n<h4 class=\" translation-block\">The Controller shall take the appropriate measures to ensure the following:<br>\r\nProtection of personal data against loss, unauthorized access and\/or use, destruction, modification, or disclosure; appropriate technical and organizational safeguards (e.g., SSL certificate); protection of personal data according to the level of risk and specific categories of personal data; We would like to emphasize that the use of the Internet and related services may cause the risk of cyber-attacking, including unauthorized access by third parties to any data. Avoidance or minimization of possible threats is possible thanks to the application of appropriate technical security measures, e.g., through the use of antivirus programs and their current update or other measures protecting the User\u2019s identification on the Internet.<\/h4>\n<h4>The Controller is not liable for usage by other users or third parties of any personal data made publicly available by the users themselves through\u00a0<strong>www.cloudelitepro.com<\/strong><\/h4>\n<h4>Please, be informed that this Privacy Policy can be amended at any time. This Privacy Policy is updated on a regular basis and made available on the website<strong> www.cloudelitepro.com<\/strong><\/h4>\n\n\t\t<\/div>\n\t<\/div>\n<\/div><\/div><\/div><\/div><\/div><\/div><\/div><\/div><div class=\"vc_row wpb_row vc_row-fluid vc_custom_1668153096438\"><div class=\"wpb_column vc_column_container vc_col-sm-12\"><div class=\"vc_column-inner\"><div class=\"wpb_wrapper\">\t\t\r\n\t\t<div class=\"mega_uae_btn_62\" style=\"justify-content: flex-end; display: flex;\">\r\n\t\t\t\t\t\t\t<a href=\"https:\/\/cloudelite.pl\/\" target=\"\" title=\"\" class=\"maw_advanced_btn hvr-fade\" style=\"color: #ffffff;background: #241c63 ; border: 2px solid #241c63; border-radius: 6px; font-size: 18px; padding: 10px 25px; font-family:Raleway;font-weight:600;font-style:normal;\" data-text=\"GO BACK\"> \r\n\t\t\t\t\t\t\t\t\t\t\t<i class=\"fas fa-arrow-circle-left icon__left\"><\/i> \r\n\t\t\t\t\t\t\t\t\t\t\tZUR\u00dcCK\t\t\t\t\t\t\t\t\t<\/a>\r\n\t\t\t\t<div style=\"clear: both;\"><\/div>\r\n\t\t\t\r\n\t\t\t\r\n\t\t\t\r\n\t\t\t\r\n\t\t\t\r\n\t\t\t\t\t<\/div>\r\n\t\t<style>\r\n\t\t\t.mega_uae_btn_62 .maw_advanced_btn{\r\n\t\t\t\ttext-transform: uppercase !important;\r\n\t\t\t\tfont-style: default !important;\r\n\t\t\t\ttext-decoration: default !important;\r\n\t\t\t\tbox-none: 0 10px 20px rgba(0, 0, 0, 0.3) !important;\r\n\t\t\t}\r\n\t\t\t\t\t\t\t.mega_uae_btn_62 .maw_advanced_btn .icon__left {\r\n\t\t\t\t\tfont-size: 18px !important;\r\n\t\t\t\t\tpadding-right: 5px !important;\r\n\t\t\t\t}\r\n\t\t\t\t\t\t\r\n\t\t\t.mega_uae_btn_62 .button--antiman:hover,\r\n\t\t\t.mega_uae_btn_62 .button--nuka:hover,\r\n\t\t\t.mega_uae_btn_62 .button--aylen:hover,\r\n\t\t\t.mega_uae_btn_62 .button--pipaluk:hover {\r\n\t\t\t\tcolor: #241c63 !important;\r\n\t\t\t}\r\n\r\n\t\t\t\t\t\t\t.mega_uae_btn_62 .hvr-fade:hover{\r\n\t\t\t\t\tbackground: #ffffff !important;\r\n\t\t\t\t\tcolor: #241c63 !important;\r\n\t\t\t\t}\r\n\t\t\t\r\n\t\t\t\r\n\t\t\t\t\t\t\r\n\t\t\t\t\t\t\r\n\t\t\t\r\n\t\t\t\t\t\r\n\t\t\t\r\n\t\t\t\r\n\t\t\t\r\n\t\t\t\r\n\t\t\t\r\n\t\t\t\r\n\t\t\t\r\n\t\t\t\r\n\t\t\t\r\n\t\t\t\t\t<\/style>\r\n\r\n\t\t<\/div><\/div><\/div><\/div>","protected":false},"excerpt":{"rendered":"Privacy Policy of Cloud Elite ProGENERAL INFORMATION The data Controller is CLOUD ELITE SP. Z O.O., with headquarters in G\u00f3raszka, at Kacze\u0144c\u00f3w12B street, registered by the District Court for the&hellip;","protected":false},"author":1,"featured_media":0,"parent":0,"menu_order":0,"comment_status":"closed","ping_status":"closed","template":"page-templates\/template-sinatra-fullwidth.php","meta":{"footnotes":""},"class_list":["post-125","page","type-page","status-publish","hentry"],"_links":{"self":[{"href":"https:\/\/cloudelitepro.com\/de\/wp-json\/wp\/v2\/pages\/125","targetHints":{"allow":["GET"]}}],"collection":[{"href":"https:\/\/cloudelitepro.com\/de\/wp-json\/wp\/v2\/pages"}],"about":[{"href":"https:\/\/cloudelitepro.com\/de\/wp-json\/wp\/v2\/types\/page"}],"author":[{"embeddable":true,"href":"https:\/\/cloudelitepro.com\/de\/wp-json\/wp\/v2\/users\/1"}],"replies":[{"embeddable":true,"href":"https:\/\/cloudelitepro.com\/de\/wp-json\/wp\/v2\/comments?post=125"}],"version-history":[{"count":6,"href":"https:\/\/cloudelitepro.com\/de\/wp-json\/wp\/v2\/pages\/125\/revisions"}],"predecessor-version":[{"id":328,"href":"https:\/\/cloudelitepro.com\/de\/wp-json\/wp\/v2\/pages\/125\/revisions\/328"}],"wp:attachment":[{"href":"https:\/\/cloudelitepro.com\/de\/wp-json\/wp\/v2\/media?parent=125"}],"curies":[{"name":"wp","href":"https:\/\/api.w.org\/{rel}","templated":true}]}}