{"id":61,"date":"2022-10-24T13:12:48","date_gmt":"2022-10-24T11:12:48","guid":{"rendered":"http:\/\/cloudelite.pl\/?page_id=61"},"modified":"2025-11-27T14:30:09","modified_gmt":"2025-11-27T13:30:09","slug":"home","status":"publish","type":"page","link":"https:\/\/cloudelitepro.com\/de\/","title":{"rendered":"HOME"},"content":{"rendered":"<div id=\"HELLO\" class=\"vc_row wpb_row vc_row-fluid HELLO vc_custom_1667284773120 vc_row-has-fill vc_column-gap-20 vc_row-o-equal-height vc_row-flex\"><div class=\"wpb_column vc_column_container vc_col-sm-12\"><div class=\"vc_column-inner\"><div class=\"wpb_wrapper\"><div class=\"vc_row wpb_row vc_inner vc_row-fluid vc_custom_1666613868401 vc_row-has-fill\"><div class=\"wpb_column vc_column_container vc_col-sm-8\"><div class=\"vc_column-inner\"><div class=\"wpb_wrapper\"><h1 style=\"font-size: 60px;color: #241c63;text-align: left;font-family:Raleway;font-weight:900;font-style:normal\" class=\"vc_custom_heading wpb_animate_when_almost_visible wpb_fadeIn fadeIn\" >HALLO!<\/h1><h2 style=\"font-size: 40px;color: #241c63;text-align: left;font-family:Raleway;font-weight:600;font-style:normal\" class=\"vc_custom_heading wpb_animate_when_almost_visible wpb_fadeIn fadeIn\" >Welcome to Cloud Elite Pro<\/h2><h4 style=\"font-size: 30px;color: #241c63;text-align: left;font-family:Raleway;font-weight:600;font-style:normal\" class=\"vc_custom_heading wpb_animate_when_almost_visible wpb_fadeIn fadeIn\" >Schalten Sie unsere grenzenlosen \nglobalen Technologiel\u00f6sungen frei<\/h4><p style=\"font-size: 22px;color: #241c63;text-align: left;font-family:Raleway;font-weight:500;font-style:normal\" class=\"vc_custom_heading wpb_animate_when_almost_visible wpb_fadeIn fadeIn\" >We are an innovative IT security and technology consulting company determined to deliver the highest quality services and solutions for your unique needs. We are a bold, enthusiastic, diverse, and skilful team of professionals prepared to deliver the best results by utilizing our in-depth understanding of the latest technologies.<\/p><\/div><\/div><\/div><div class=\"wpb_column vc_column_container vc_col-sm-4\"><div class=\"vc_column-inner\"><div class=\"wpb_wrapper\">\n\t<div  class=\"wpb_single_image wpb_content_element vc_align_left\">\n\t\t\n\t\t<figure class=\"wpb_wrapper vc_figure\">\n\t\t\t<div class=\"vc_single_image-wrapper   vc_box_border_grey\"><img loading=\"lazy\" decoding=\"async\" width=\"796\" height=\"1024\" src=\"https:\/\/cloudelitepro.com\/wp-content\/uploads\/2022\/10\/Cloud-Elite-07-796x1024.png\" class=\"vc_single_image-img attachment-large\" alt=\"\" title=\"Cloud Elite-07\" srcset=\"https:\/\/cloudelitepro.com\/wp-content\/uploads\/2022\/10\/Cloud-Elite-07-796x1024.png 796w, https:\/\/cloudelitepro.com\/wp-content\/uploads\/2022\/10\/Cloud-Elite-07-233x300.png 233w, https:\/\/cloudelitepro.com\/wp-content\/uploads\/2022\/10\/Cloud-Elite-07-768x988.png 768w, https:\/\/cloudelitepro.com\/wp-content\/uploads\/2022\/10\/Cloud-Elite-07-1194x1536.png 1194w, https:\/\/cloudelitepro.com\/wp-content\/uploads\/2022\/10\/Cloud-Elite-07.png 1257w\" sizes=\"auto, (max-width: 796px) 100vw, 796px\" \/><\/div>\n\t\t<\/figure>\n\t<\/div>\n<\/div><\/div><\/div><\/div><\/div><\/div><\/div><\/div><div id=\"ABOUT\" class=\"vc_row wpb_row vc_row-fluid ABOUT vc_custom_1667284763184 vc_row-has-fill vc_column-gap-20 vc_row-o-equal-height vc_row-o-content-top vc_row-flex\"><div class=\"wpb_column vc_column_container vc_col-sm-12\"><div class=\"vc_column-inner\"><div class=\"wpb_wrapper\"><div id=\"about\" class=\"vc_row wpb_row vc_inner vc_row-fluid vc_custom_1764165047109 vc_row-has-fill\"><div class=\"wpb_column vc_column_container vc_col-sm-12\"><div class=\"vc_column-inner\"><div class=\"wpb_wrapper\"><h1 style=\"font-size: 50px;color: #241c63;text-align: left;font-family:Raleway;font-weight:900;font-style:normal\" class=\"vc_custom_heading wpb_animate_when_almost_visible wpb_fadeIn fadeIn\" >\u00dcBER UNS<\/h1><h2 style=\"font-size: 40px;color: #241c63;text-align: left;font-family:Raleway;font-weight:600;font-style:normal\" class=\"vc_custom_heading wpb_animate_when_almost_visible wpb_fadeIn fadeIn\" >Wer wir sind<\/h2><h4 style=\"font-size: 30px;color: #241c63;text-align: left;font-family:Raleway;font-weight:600;font-style:normal\" class=\"vc_custom_heading wpb_animate_when_almost_visible wpb_fadeIn fadeIn\" >IT Security Consultancy, Recruiting, and Outsourcing<\/h4><p style=\"font-size: 22px;color: #241c63;text-align: left;font-family:Raleway;font-weight:500;font-style:normal\" class=\"vc_custom_heading wpb_animate_when_almost_visible wpb_fadeIn fadeIn\" >Bei Cloud Elite hat die Kundenzufriedenheit h\u00f6chste \nPriorit\u00e4t. Ihr Gesch\u00e4ft ist f\u00fcr uns wertvoll und macht uns zu \ndem, was wir sind \u2013 ohne Sie gibt es uns nicht. Unsere \nWerte sind Vertrauen, Ehrlichkeit, Qualit\u00e4t und Teamarbeit. \nDamit stellen wir sicher, dass unser Team eine starke \nBeziehung zu unseren Kunden aufbaut, um bessere \nDienstleistungen und L\u00f6sungen f\u00fcr Ihre individuellen \nGesch\u00e4ftsanforderungen bereitzustellen.\nMit unserem organisierten Ansatz, der Ergebnisse \ngarantiert, decken wir eine Reihe von Bereichen ab, \ndarunter Business Intelligence, Website-Entwicklung und \nWeb-App-Entwicklung. Wir unterst\u00fctzen Ihr Team auch \ndurch das Outsourcen von Expertenberatern, die Ihren \nspeziellen Anforderungen entsprechen, oder wir \nrekrutieren geeignete Top-Talente, um Ihr Unternehmen \nauf die n\u00e4chste Stufe zu bringen.\nMit der F\u00e4higkeit, mutige Entscheidungen zu treffen und \nunterschiedliche Arbeitskr\u00e4fte mit kreativen Ideen \nzusammenzubringen, wissen wir, was erforderlich ist, um \ndas grenzenlose Potenzial Ihres Unternehmens \nfreizusetzen.<\/p><h1 style=\"font-size: 40px;color: #241c63;text-align: left;font-family:Raleway;font-weight:900;font-style:normal\" class=\"vc_custom_heading wpb_animate_when_almost_visible wpb_fadeIn fadeIn\" >UNSERE KUNDEN<\/h1><p style=\"font-size: 22px;color: #241c63;text-align: left;font-family:Raleway;font-weight:500;font-style:normal\" class=\"vc_custom_heading wpb_animate_when_almost_visible wpb_fadeIn fadeIn\" >Cloud Elite takes pride in serving a diverse and dynamic clientele. Our clients range from large, medium and innovative startups looking to disrupt industries to established enterprises seeking to optimize their operations. We also assist individual consumers seeking top-quality products. Our clients span various sectors, from healthcare to technology, and hail from Europe, America and Australia. We're dedicated to tailoring our solutions to meet the unique needs of each, and we aim to work closely with our clients to ensure mutual success. Our priority is to provide excellent service and help our clients achieve their goals.<\/p><\/div><\/div><\/div><\/div><\/div><\/div><\/div><\/div><div id=\"SERVICES\" class=\"vc_row wpb_row vc_row-fluid SERVICES vc_custom_1667284791771 vc_row-has-fill vc_column-gap-20 vc_row-o-equal-height vc_row-flex\"><div class=\"wpb_column vc_column_container vc_col-sm-12\"><div class=\"vc_column-inner\"><div class=\"wpb_wrapper\"><div id=\"services\" class=\"vc_row wpb_row vc_inner vc_row-fluid vc_custom_1764165066097 vc_row-has-fill\"><div class=\"wpb_column vc_column_container vc_col-sm-12\"><div class=\"vc_column-inner\"><div class=\"wpb_wrapper\"><h1 style=\"font-size: 50px;color: #241c63;text-align: left;font-family:Raleway;font-weight:900;font-style:normal\" class=\"vc_custom_heading wpb_animate_when_almost_visible wpb_fadeIn fadeIn\" >UNSERE LEISTUNGEN<\/h1><h2 style=\"font-size: 40px;color: #241c63;text-align: left;font-family:Raleway;font-weight:600;font-style:normal\" class=\"vc_custom_heading wpb_animate_when_almost_visible wpb_fadeIn fadeIn\" >Was wir anbieten<\/h2><h4 style=\"font-size: 30px;color: #241c63;text-align: left;font-family:Raleway;font-weight:600;font-style:normal\" class=\"vc_custom_heading wpb_animate_when_almost_visible wpb_fadeIn fadeIn\" >Beratungsl\u00f6sungen f\u00fcr die digitale \nEntwicklung und mehr!<\/h4><p style=\"font-size: 22px;color: #241c63;text-align: left;font-family:Raleway;font-weight:500;font-style:normal\" class=\"vc_custom_heading wpb_animate_when_almost_visible wpb_fadeIn fadeIn\" >Cloud Elite verwaltet ein Team von informierten \nFachleuten, die Ihnen kompetente Einblicke geben, die Sie \nf\u00fcr den Erfolg Ihres Unternehmens ben\u00f6tigen. Wir sind \nstolz auf unsere Verantwortlichkeit, erstklassige Qualit\u00e4t, \nEhrlichkeit und unseren kooperativen Ansatz. Mit unseren \nBusiness Intelligence Services h\u00f6ren wir nicht bei der \nUnternehmensf\u00fchrung auf. Wir bieten fundiertes \ntechnisches Know-how, um alle folgenden \nDienstleistungen abzudecken, einschlie\u00dflich des Angebots \ntechnologischer L\u00f6sungen aus der Ferne:<\/p>\n\t<div  class=\"wpb_single_image wpb_content_element vc_align_left\">\n\t\t\n\t\t<figure class=\"wpb_wrapper vc_figure\">\n\t\t\t<div class=\"vc_single_image-wrapper   vc_box_border_grey\"><img loading=\"lazy\" decoding=\"async\" width=\"1024\" height=\"114\" src=\"https:\/\/cloudelitepro.com\/wp-content\/uploads\/2025\/04\/CYBERSECURITY-2-1024x114.png\" class=\"vc_single_image-img attachment-large\" alt=\"\" title=\"CYBERSECURITY (2)\" srcset=\"https:\/\/cloudelitepro.com\/wp-content\/uploads\/2025\/04\/CYBERSECURITY-2-1024x114.png 1024w, https:\/\/cloudelitepro.com\/wp-content\/uploads\/2025\/04\/CYBERSECURITY-2-300x33.png 300w, https:\/\/cloudelitepro.com\/wp-content\/uploads\/2025\/04\/CYBERSECURITY-2-768x86.png 768w, https:\/\/cloudelitepro.com\/wp-content\/uploads\/2025\/04\/CYBERSECURITY-2-1536x171.png 1536w, https:\/\/cloudelitepro.com\/wp-content\/uploads\/2025\/04\/CYBERSECURITY-2-18x2.png 18w, https:\/\/cloudelitepro.com\/wp-content\/uploads\/2025\/04\/CYBERSECURITY-2.png 1911w\" sizes=\"auto, (max-width: 1024px) 100vw, 1024px\" \/><\/div>\n\t\t<\/figure>\n\t<\/div>\n<p style=\"font-size: 22px;color: #241c63;text-align: left;font-family:Raleway;font-weight:500;font-style:normal\" class=\"vc_custom_heading wpb_animate_when_almost_visible wpb_fadeIn fadeIn\" >Fehler k\u00f6nnen wir selbst von unseren B\u00fcros aus beheben \nund Sie lernen von diesem Prozess w\u00e4hrend Sie sich in \nIhrer eigenen gewohnten Umgebung aufhalten. Wir bieten \ntechnische L\u00f6sungen f\u00fcr eine Vielzahl von Problemen mit \nLeichtigkeit und stellen sicher, dass Sie sich auf dem Weg \ndorthin angeh\u00f6rt f\u00fchlen.<\/p><\/div><\/div><\/div><\/div><\/div><\/div><\/div><\/div><div id=\"CONTACT\" class=\"vc_row wpb_row vc_row-fluid CONTACT vc_custom_1667284786740 vc_row-has-fill vc_column-gap-20 vc_row-o-equal-height vc_row-flex\"><div class=\"wpb_column vc_column_container vc_col-sm-12\"><div class=\"vc_column-inner\"><div class=\"wpb_wrapper\"><div id=\"contact\" class=\"vc_row wpb_row vc_inner vc_row-fluid vc_custom_1764165268357 vc_row-has-fill\"><div class=\"wpb_column vc_column_container vc_col-sm-8\"><div class=\"vc_column-inner\"><div class=\"wpb_wrapper\"><h1 style=\"font-size: 50px;color: #241c63;text-align: left;font-family:Raleway;font-weight:900;font-style:normal\" class=\"vc_custom_heading wpb_animate_when_almost_visible wpb_fadeIn fadeIn\" >KONTAKTIERE SIE UNS<\/h1><h4 style=\"font-size: 30px;color: #241c63;text-align: left;font-family:Raleway;font-weight:600;font-style:normal\" class=\"vc_custom_heading wpb_animate_when_almost_visible wpb_fadeIn fadeIn\" >Nehmen Sie noch heute Kontakt auf<\/h4><p style=\"font-size: 22px;color: #241c63;text-align: left;font-family:Raleway;font-weight:500;font-style:normal\" class=\"vc_custom_heading wpb_animate_when_almost_visible wpb_fadeIn fadeIn\" >Should you have any further questions or concerns regarding our expertise in business development, services, outsourcing, or recruiting, please feel free to reach out to us at contact@cloudelitepro.com, and we will be happy to get back to you at our earliest convenience.<br \/>\nFalls Sie auf der Suche nach einem Angebot sind, f\u00fcllen Sie \nbitte das unten stehende Formular aus, und wir werden \nuns umgehend mit einer Hausnummer und einem \ndetaillierten Plan bez\u00fcglich Ihrer individuellen \nServiceanfrage(n) bei Ihnen melden. Wir sind stets bem\u00fcht, \nmit Ehrlichkeit und Effizienz die besten Antworten und \nL\u00f6sungen f\u00fcr Sie bereitzustellen. Wir hoffen, bald von \nIhnen zu h\u00f6ren!<\/p><div class=\"vc_btn3-container vc_btn3-left\" ><a style=\"background-color:#241c63; color:#ffffff;\" class=\"vc_general vc_btn3 vc_btn3-size-md vc_btn3-shape-round vc_btn3-style-custom\" href=\"https:\/\/cloudelite.pl\/contact-us\/\" title=\"\">KONTAKTIERE SIE UNS<\/a><\/div><\/div><\/div><\/div><div class=\"wpb_column vc_column_container vc_col-sm-4\"><div class=\"vc_column-inner\"><div class=\"wpb_wrapper\">\n\t<div  class=\"wpb_single_image wpb_content_element vc_align_left\">\n\t\t\n\t\t<figure class=\"wpb_wrapper vc_figure\">\n\t\t\t<div class=\"vc_single_image-wrapper   vc_box_border_grey\"><img loading=\"lazy\" decoding=\"async\" width=\"796\" height=\"1024\" src=\"https:\/\/cloudelitepro.com\/wp-content\/uploads\/2022\/11\/contact-us-01-796x1024.png\" class=\"vc_single_image-img attachment-large\" alt=\"\" title=\"contact us-01\" srcset=\"https:\/\/cloudelitepro.com\/wp-content\/uploads\/2022\/11\/contact-us-01-796x1024.png 796w, https:\/\/cloudelitepro.com\/wp-content\/uploads\/2022\/11\/contact-us-01-233x300.png 233w, https:\/\/cloudelitepro.com\/wp-content\/uploads\/2022\/11\/contact-us-01-768x988.png 768w, https:\/\/cloudelitepro.com\/wp-content\/uploads\/2022\/11\/contact-us-01-1194x1536.png 1194w, https:\/\/cloudelitepro.com\/wp-content\/uploads\/2022\/11\/contact-us-01-1592x2048.png 1592w, https:\/\/cloudelitepro.com\/wp-content\/uploads\/2022\/11\/contact-us-01.png 1659w\" sizes=\"auto, (max-width: 796px) 100vw, 796px\" \/><\/div>\n\t\t<\/figure>\n\t<\/div>\n<\/div><\/div><\/div><\/div><\/div><\/div><\/div><\/div><div id=\"JOIN\" class=\"vc_row wpb_row vc_row-fluid JOIN vc_custom_1667284807710 vc_row-has-fill vc_column-gap-20 vc_row-o-equal-height vc_row-flex\"><div class=\"wpb_column vc_column_container vc_col-sm-12\"><div class=\"vc_column-inner\"><div class=\"wpb_wrapper\"><div id=\"join\" class=\"vc_row wpb_row vc_inner vc_row-fluid vc_custom_1764165337493 vc_row-has-fill\"><div class=\"wpb_column vc_column_container vc_col-sm-8\"><div class=\"vc_column-inner\"><div class=\"wpb_wrapper\"><h1 style=\"font-size: 50px;color: #241c63;text-align: left;font-family:Raleway;font-weight:900;font-style:normal\" class=\"vc_custom_heading wpb_animate_when_almost_visible wpb_fadeIn fadeIn\" >BEGLEITEN SIE UNS<\/h1><h4 style=\"font-size: 30px;color: #241c63;text-align: left;font-family:Raleway;font-weight:600;font-style:normal\" class=\"vc_custom_heading wpb_animate_when_almost_visible wpb_fadeIn fadeIn\" >Werden Sie Teil unseres Teams aus \nleidenschaftlichen Fachleuten<\/h4><p style=\"font-size: 22px;color: #241c63;text-align: left;font-family:Raleway;font-weight:500;font-style:normal\" class=\"vc_custom_heading wpb_animate_when_almost_visible wpb_fadeIn fadeIn\" >Are you looking to join a team of organized, skillful professionals who value honesty, trust, and valuable customer service and relationships? Cloud Elite Pro might be the place for you. We are a company where you can grow alongside like-minded individuals striving for excellence. We love hearing from diverse candidates from all backgrounds with a bold approach to their work. Feel free to browse our open positions, and should you find a job opening that you believe would be a good fit for you and your professional experience, feel free to apply. We look forward to receiving your application.<\/p><div class=\"vc_btn3-container vc_btn3-left\" ><a style=\"background-color:#241c63; color:#ffffff;\" class=\"vc_general vc_btn3 vc_btn3-size-md vc_btn3-shape-round vc_btn3-style-custom\" href=\"https:\/\/cloudelite.pl\/join-us\/\" title=\"\">BEGLEITEN SIE UNS<\/a><\/div><\/div><\/div><\/div><div class=\"wpb_column vc_column_container vc_col-sm-4\"><div class=\"vc_column-inner\"><div class=\"wpb_wrapper\">\n\t<div  class=\"wpb_single_image wpb_content_element vc_align_left\">\n\t\t\n\t\t<figure class=\"wpb_wrapper vc_figure\">\n\t\t\t<div class=\"vc_single_image-wrapper   vc_box_border_grey\"><img loading=\"lazy\" decoding=\"async\" width=\"796\" height=\"1024\" src=\"https:\/\/cloudelitepro.com\/wp-content\/uploads\/2022\/10\/Cloud-Elite-14-796x1024.png\" class=\"vc_single_image-img attachment-large\" alt=\"\" title=\"Cloud Elite-14\" srcset=\"https:\/\/cloudelitepro.com\/wp-content\/uploads\/2022\/10\/Cloud-Elite-14-796x1024.png 796w, https:\/\/cloudelitepro.com\/wp-content\/uploads\/2022\/10\/Cloud-Elite-14-233x300.png 233w, https:\/\/cloudelitepro.com\/wp-content\/uploads\/2022\/10\/Cloud-Elite-14-768x988.png 768w, https:\/\/cloudelitepro.com\/wp-content\/uploads\/2022\/10\/Cloud-Elite-14-1194x1536.png 1194w, https:\/\/cloudelitepro.com\/wp-content\/uploads\/2022\/10\/Cloud-Elite-14.png 1257w\" sizes=\"auto, (max-width: 796px) 100vw, 796px\" \/><\/div>\n\t\t<\/figure>\n\t<\/div>\n<\/div><\/div><\/div><\/div><\/div><\/div><\/div><\/div>","protected":false},"excerpt":{"rendered":"HELLO!Welcome to Cloud Elite ProUnlock our limitless global tech solutionsWe are an innovative IT security and technology consulting company determined to deliver the highest quality services and solutions for your&hellip;","protected":false},"author":1,"featured_media":0,"parent":0,"menu_order":0,"comment_status":"closed","ping_status":"closed","template":"page-templates\/template-sinatra-fullwidth.php","meta":{"footnotes":""},"class_list":["post-61","page","type-page","status-publish","hentry"],"_links":{"self":[{"href":"https:\/\/cloudelitepro.com\/de\/wp-json\/wp\/v2\/pages\/61","targetHints":{"allow":["GET"]}}],"collection":[{"href":"https:\/\/cloudelitepro.com\/de\/wp-json\/wp\/v2\/pages"}],"about":[{"href":"https:\/\/cloudelitepro.com\/de\/wp-json\/wp\/v2\/types\/page"}],"author":[{"embeddable":true,"href":"https:\/\/cloudelitepro.com\/de\/wp-json\/wp\/v2\/users\/1"}],"replies":[{"embeddable":true,"href":"https:\/\/cloudelitepro.com\/de\/wp-json\/wp\/v2\/comments?post=61"}],"version-history":[{"count":21,"href":"https:\/\/cloudelitepro.com\/de\/wp-json\/wp\/v2\/pages\/61\/revisions"}],"predecessor-version":[{"id":322,"href":"https:\/\/cloudelitepro.com\/de\/wp-json\/wp\/v2\/pages\/61\/revisions\/322"}],"wp:attachment":[{"href":"https:\/\/cloudelitepro.com\/de\/wp-json\/wp\/v2\/media?parent=61"}],"curies":[{"name":"wp","href":"https:\/\/api.w.org\/{rel}","templated":true}]}}