{"id":125,"date":"2022-11-10T09:50:35","date_gmt":"2022-11-10T08:50:35","guid":{"rendered":"https:\/\/cloudelite.pl\/?page_id=125"},"modified":"2025-11-28T11:12:50","modified_gmt":"2025-11-28T10:12:50","slug":"privacy-policy-of-cloud-elite","status":"publish","type":"page","link":"https:\/\/cloudelitepro.com\/fr\/privacy-policy-of-cloud-elite\/","title":{"rendered":"Politique de confidentialit\u00e9 de Cloud Elite"},"content":{"rendered":"<div class=\"vc_row wpb_row vc_row-fluid vc_custom_1668068853655 vc_row-has-fill vc_column-gap-20 vc_row-o-equal-height vc_row-o-content-top vc_row-flex\"><div class=\"wpb_column vc_column_container vc_col-sm-12\"><div class=\"vc_column-inner\"><div class=\"wpb_wrapper\"><div class=\"vc_row wpb_row vc_inner vc_row-fluid vc_custom_1666613868401 vc_row-has-fill\"><div class=\"wpb_column vc_column_container vc_col-sm-12\"><div class=\"vc_column-inner\"><div class=\"wpb_wrapper\"><h1 style=\"font-size: 70px;color: #241c63;text-align: justify;font-family:Raleway;font-weight:900;font-style:normal\" class=\"vc_custom_heading wpb_animate_when_almost_visible wpb_fadeIn fadeIn\" >Privacy Policy of Cloud Elite Pro<\/h1><h3 style=\"font-size: 30px;color: #241c63;text-align: justify;font-family:Raleway;font-weight:700;font-style:normal\" class=\"vc_custom_heading wpb_animate_when_almost_visible wpb_fadeIn fadeIn\" >INFORMATIONS G\u00c9N\u00c9RALES<\/h3>\n\t<div class=\"wpb_text_column wpb_content_element\" >\n\t\t<div class=\"wpb_wrapper\">\n\t\t\t<h4>Le responsable du traitement est CLOUD ELITE SP. Z OO, \ndont le si\u00e8ge est \u00e0 G\u00f3raszka, rue Kacze\u0144c\u00f3w 12B, PL-05-462,\nenregistr\u00e9e aupr\u00e8s du Tribunal de District de la capitale Varsovie en Pologne, \nD\u00e9partement \u00e9conomique XIV - \nRegistre national des tribunaux, \nau registre des entrepreneurs du Registre national des tribunaux\nsous le num\u00e9ro 0000885620 ; \nNIP : 5322091933 ; \nREGON : 388268331, \n(ci-apr\u00e8s d\u00e9nomm\u00e9e \u00ab la Soci\u00e9t\u00e9 \u00bb ou \u00ab le Responsable du traitement \u00bb) peut collecter et traiter des donn\u00e9es (y compris des Donn\u00e9es Personnelles) concernant les Utilisateurs (ci-apr\u00e8s l'\u00ab Utilisateur \u00bb) de ce site Web et\/ou de tout Service (c'est-\u00e0-dire des assistance(s)\/support(s), moyens de communication, services clients, r\u00e9clamations) (ci-apr\u00e8s les \u00ab Services \u00bb).<\/h4>\n<h4>The Controller takes care to ensure a high standard of protection for the users, interested parties, and visitors to www.cloudelitepro.com. This Privacy Policy (hereinafter the \u2018Policy\u2019) sets forth the rules for collecting, processing and using the personal data of the website\u2019s users, interested parties, and visitors.<\/h4>\n<h4>Le but de cette politique est principalement d'informer les Utilisateurs, visiteurs et parties int\u00e9ress\u00e9es de leurs droits en relation avec le traitement de leurs donn\u00e9es par le Responsable du traitement.<\/h4>\n<h4>In the event of any questions or concerns regarding data protection, don&#8217;t hesitate to get in touch with the Controller directly: office<strong>@cloudelitepro.com<\/strong><\/h4>\n\n\t\t<\/div>\n\t<\/div>\n<h3 style=\"font-size: 30px;color: #241c63;text-align: justify;font-family:Raleway;font-weight:700;font-style:normal\" class=\"vc_custom_heading wpb_animate_when_almost_visible wpb_fadeIn fadeIn\" >PROTECTION DES DONN\u00c9ES PERSONNELLES<\/h3>\n\t<div class=\"wpb_text_column wpb_content_element\" >\n\t\t<div class=\"wpb_wrapper\">\n\t\t\t<h4>Toutes les Donn\u00e9es Personnelles sont trait\u00e9es par le Responsable du traitement conform\u00e9ment au r\u00e8glement (UE) 2016\/679 du Parlement europ\u00e9en et du Conseil du 27 avril 2016 relatif \u00e0 la protection des personnes physiques \u00e0 l'\u00e9gard du traitement des donn\u00e9es \u00e0 caract\u00e8re personnel et \u00e0 la libre circulation de ces donn\u00e9es, abrogeant la directive 95\/46\/CE (ci-apr\u00e8s : \u00ab RGPD \u00bb).<\/h4>\n<h4>Le Responsable du traitement ne collecte pas intentionnellement des Donn\u00e9es Personnelles d'enfants \u00e2g\u00e9s de moins de 16 ans sans le consentement du parent ou du tuteur l\u00e9gal de l'enfant. En cas de doute, les parents et tuteurs l\u00e9gaux sont pri\u00e9s de contacter la Soci\u00e9t\u00e9 \u00e0<br \/>\n<strong>office@cloudelitepro.com<\/strong><\/h4>\n\n\t\t<\/div>\n\t<\/div>\n<h3 style=\"font-size: 30px;color: #241c63;text-align: justify;font-family:Raleway;font-weight:700;font-style:normal\" class=\"vc_custom_heading wpb_animate_when_almost_visible wpb_fadeIn fadeIn\" >OBJET ET BASE JURIDIQUE DU TRAITEMENT DES DONN\u00c9ES PERSONNELLES<\/h3>\n\t<div class=\"wpb_text_column wpb_content_element\" >\n\t\t<div class=\"wpb_wrapper\">\n\t\t\t<h4>Vos Donn\u00e9es Personnelles peuvent \u00eatre trait\u00e9es dans le but de :<br \/>\nEx\u00e9cuter un contrat ou prendre une mesure \u00e0 votre demande avant la conclusion d'un contrat et dans le but de poursuivre des r\u00e9clamations en vertu du contrat - Article 6(1)(b) et\/ou (f) RGPD ;<br \/>\nr\u00e9pondre aux questions que vous avez pos\u00e9es via le formulaire de contact et\/ou l'adresse e-mail, ce qui rel\u00e8ve de l'exercice de l'int\u00e9r\u00eat l\u00e9gitime de la Soci\u00e9t\u00e9 \u2013 Article 6(1)(f) GDPR ;<br \/>\nremplir les obligations l\u00e9gales de la Soci\u00e9t\u00e9, y compris la l\u00e9gislation fiscale et comptable - Article 6(1)(c) GDPR ;<br \/>\ndes activit\u00e9s de marketing direct via le canal d'information de votre choix ainsi que l'adaptation de nos sites Web, offres et publicit\u00e9s \u00e0 vos int\u00e9r\u00eats, qui sont bas\u00e9es sur votre consentement volontaire et explicite - Article 6(1)(a) RGPD ;<br \/>\nproviding you marketing information about our products and services as well as relevant third-party products and services by other means, such as advertising on websites which is based on Company&#8217;s legitimate interest &#8211; Article 6(1)(f) GDPR;<br \/>\nLa fourniture de Donn\u00e9es Personnelles par les Utilisateurs est volontaire mais est n\u00e9cessaire pour pouvoir utiliser les services du contr\u00f4leur fournis via\u00a0<strong>www.cloudelitepro.com<\/strong><\/h4>\n\n\t\t<\/div>\n\t<\/div>\n<h3 style=\"font-size: 30px;color: #241c63;text-align: justify;font-family:Raleway;font-weight:700;font-style:normal\" class=\"vc_custom_heading wpb_animate_when_almost_visible wpb_fadeIn fadeIn\" >CAT\u00c9GORIES DE DONN\u00c9ES TRAIT\u00c9ES<\/h3>\n\t<div class=\"wpb_text_column wpb_content_element\" >\n\t\t<div class=\"wpb_wrapper\">\n\t\t\t<h4>Depending on the type of the Services and the scope of the consent granted by the User, the Company processes one or more information of the Data stored: name\/surname, e-mail address, phone number, IP address; and other technical information (e.g., regarding the type of devices and other tools, a web browser), information necessary to provide technical assistance or support (e.g., parameters, logs, other descriptions), pages opened, duration of the visit, number of the various page views, number of visits, referral source, data of the ISP and the subscriber\u2019s data &#8211; however, these shall only be used for statistical purposes or to ensure the correct operation of the website.<\/h4>\n\n\t\t<\/div>\n\t<\/div>\n<h3 style=\"font-size: 30px;color: #241c63;text-align: justify;font-family:Raleway;font-weight:700;font-style:normal\" class=\"vc_custom_heading wpb_animate_when_almost_visible wpb_fadeIn fadeIn\" >VOS DROITS<\/h3>\n\t<div class=\"wpb_text_column wpb_content_element\" >\n\t\t<div class=\"wpb_wrapper\">\n\t\t\t<h4 class=\" translation-block\">Under the applicable law, the following rights are vested in the User, in particular:<br>\r\nthe right to access Personal Data;<br>\r\nthe right to request to rectify, correct, or delete the Personal Data;<br>\r\nthe right to object (forbid) to the processing of Personal Data;<br>\r\nthe right to request a restriction of Personal Data processing;<br>\r\nthe right to request a transfer of Personal Data to another entity;<br>\r\nThe User has the right to request the erasure of personal data (the right to be forgotten) without undue delay if:<br>\r\nThe Personal Data is no longer necessary in relation to the purposes for which they were collected or otherwise processed; the consent given earlier has been effectively revoked unless The Company has the right to process the data on another legal ground;<br>\r\nthe User objects to the processing of Personal Data for marketing purposes;<br>\r\nthe deletion of the Personal Data would be necessary to fulfill The Company\u2019s legal obligation; the processing of the data was not in accordance with the applicable law;<br>\r\nthe User objects to the processing (also by profiling) of Personal Data based on the legally legitimate interest pursued by the Company or by the third party unless there are valid, legally justified grounds for the processing of the User\u2019s Personal Data that override the interests, rights, and freedoms of the User or there are grounds for establishing, exercising or defending legal claims.<br>\r\nThe User has the right to withdraw the consent to the processing of Personal Data at any time, but the withdrawal does not affect the lawfulness of processing based on consent before its withdrawal.<\/h4>\n<h4>In order to exercise the aforesaid right or in the case of any questions or doubts about personal data protection, don&#8217;t hesitate to get in touch with the Company at office<strong>@cloudelitepro.com<\/strong><\/h4>\n\n\t\t<\/div>\n\t<\/div>\n<h3 style=\"font-size: 30px;color: #241c63;text-align: justify;font-family:Raleway;font-weight:700;font-style:normal\" class=\"vc_custom_heading wpb_animate_when_almost_visible wpb_fadeIn fadeIn\" >TRANSFERT DES DONN\u00c9ES PERSONNELLES<\/h3>\n\t<div class=\"wpb_text_column wpb_content_element\" >\n\t\t<div class=\"wpb_wrapper\">\n\t\t\t<h4 class=\" translation-block\">The Company may be obliged to provide Personal Data to the following category of recipients, in particular:<br>\r\nBusiness partners \u2013 if necessary, in connection with The Company\u2019s business activity, especially for the purpose of performing contracts with such third parties, providing services, and ensuring the appropriate standards of performance and compliance with the provisions of the law and safety requirements, communicating with the User and with third parties, meeting financial obligations and responding to User\u2019s requests and legal demands; third parties providing day-to-day services for the Company (e.g., legal advisors, tax advisors, IT service providers, auditors, accounting companies, outsourced workforce providers, customer service, software providers, e-mail operators, server hosting providers); entities entitled to binding regulations (e.g., administrative bodies, supervisory bodies, regulators, law enforcement bodies); other parties as notified to the User at the time of Personal Data collection.<br>\r\nThe Company may enter into written data processing contracts with another entity (further: the \u2018Processor\u2019). The right to enter into such contracts arises from the provisions of the law. The Company transfers the Personal Data solely in the scope necessary for the realization of the aim agreed with Processor and only to the extent necessary for the purposes of such aim, applies all required legal and technical measures for the protection of the Personal Data in order to ensure the highest quality of the Services.<\/h4>\n<h4>De plus, veuillez noter que vos Donn\u00e9es Personnelles peuvent \u00eatre transf\u00e9r\u00e9es en dehors de l'\u00e9conomie europ\u00e9enne ; par cons\u00e9quent, nous tenons \u00e0 vous informer qu'il existe un risque de protection insuffisante de vos donn\u00e9es. Dans ce cas, la base du transfert de Donn\u00e9es Personnelles est votre consentement volontaire conform\u00e9ment \u00e0 l'article 6, paragraphe 1, point a) du RGPD.<\/h4>\n\n\t\t<\/div>\n\t<\/div>\n<h3 style=\"font-size: 30px;color: #241c63;text-align: justify;font-family:Raleway;font-weight:700;font-style:normal\" class=\"vc_custom_heading wpb_animate_when_almost_visible wpb_fadeIn fadeIn\" >P\u00c9RIODE DE CONSERVATION DES DONN\u00c9ES<\/h3>\n\t<div class=\"wpb_text_column wpb_content_element\" >\n\t\t<div class=\"wpb_wrapper\">\n\t\t\t<h4 class=\" translation-block\">The Company stores the Personal Data solely for the period necessary for obtaining purposes specified in this Privacy Policy for which the Personal Data has been collected. In certain extraordinary situations, longer retention periods may be required under the law (e.g. settlement, tax issues, legal proceedings\/claims). However, in each case, data retention is based on an appropriate legal base \u2013 e.g. consent or binding provision of law.<br>\r\nPersonal Data will be processed over the time specified as follows:<br>\r\nFulfilling the legal obligations arising from the provisions of the GDPR in connection with the exercise of User\u2019s rights and archiving the requests made to us or informing us about privacy risks, as well as fulfilling the obligations arising from tax law and other applicable legal regulations \u2013 until the expiry of the limitation periods;&nbsp;necessary in the context of contact through a form or other application and necessary for the preparation and presentation of response or offer of cooperation \u2013 until the objection is raised or consent to such contact is revoked;<br>\r\nto conduct marketing activities regarding the services we offer \u2013 until such processing is objected to or until withdrawn of the consent to receive information with such content;&nbsp;if the processing of Personal Data is based on the consent \u2013 until it is withdrawn;<\/h4>\n\n\t\t<\/div>\n\t<\/div>\n<h3 style=\"font-size: 30px;color: #241c63;text-align: justify;font-family:Raleway;font-weight:700;font-style:normal\" class=\"vc_custom_heading wpb_animate_when_almost_visible wpb_fadeIn fadeIn\" >FICHIERS DE COOKIES<\/h3>\n\t<div class=\"wpb_text_column wpb_content_element\" >\n\t\t<div class=\"wpb_wrapper\">\n\t\t\t<h4>Nous vous informons que pour fonctionner correctement, le Site utilise des Cookies.<\/h4>\n<h4 class=\" translation-block\">Cookies are small information in the form of a text file sent by the website and then saved on the end device (computer, tablet, smartphone), which is used to browse the web.<br>\r\nThis Site uses its own cookies (their purpose is to ensure the proper functioning of the site\u2019s functionality), while third-party cookies (required in order to use the functions provided by third parties) are used by third-party systems (Google Analytics, social media plugins, etc.).<br>\r\nThe purpose of using Cookies is not to collect any Personal Data about the User visiting the Site; however, it is not excluded that the information collected through Cookies will be recognized as Personal Data.<\/h4>\n\n\t\t<\/div>\n\t<\/div>\n<h3 style=\"font-size: 30px;color: #241c63;text-align: justify;font-family:Raleway;font-weight:700;font-style:normal\" class=\"vc_custom_heading wpb_animate_when_almost_visible wpb_fadeIn fadeIn\" >Les cookies sont utilis\u00e9s aux fins de :<\/h3>\n\t<div class=\"wpb_text_column wpb_content_element\" >\n\t\t<div class=\"wpb_wrapper\">\n\t\t\t<h4 class=\" translation-block\">Maintenance of the started session; configuration of the site and adjusting it to the user\u2019s preferences; analysis of the clicks, displays, and visits to the Site; maps of moving around the Site; and time spent on the site; marketing analysis and statistics.<br>\r\nIn some circumstances, the Controller may work with third parties to provide services on the website. For example, third-party analytics providers may use their own Cookies to collect information about Users\u2019 activities and\/or marketing statistics. This information may be used for statistical purposes, analysis of the traffic recorded on the site and optimizing its functionality (to be more accessible and intuitive). The Controller does not control these Cookies. In order to disable or reject third-party Cookies, please refer to the relevant third-party\u2019s website.<br>\r\nExternal cookies of social networking sites (e.g., Facebook, LinkedIn, Twitter, Google) are attached by the Company to use their interactive features.<br>\r\nDuring the first visit to the Site, information regarding Cookies used is displayed. By activating the \u201cAccept\u201d button, you agree to save cookies on your terminal device. You can change the settings for cookies or delete them from your browser.<\/h4>\n<h4 class=\" translation-block\">The links to guides on how to disable the option of accepting Cookies in popular browsers are presented below:<br>\r\nChrome<br>\r\nFirefox<br>\r\nSafari<br>\r\nMicrosoft Edge<br>\r\nWe point out that disabling, limiting, or not accepting Cookies may result in malfunctioning of the Website or other unforeseeable difficulties.<\/h4>\n\n\t\t<\/div>\n\t<\/div>\n<h3 style=\"font-size: 30px;color: #241c63;text-align: justify;font-family:Raleway;font-weight:700;font-style:normal\" class=\"vc_custom_heading wpb_animate_when_almost_visible wpb_fadeIn fadeIn\" >MESURES DE S\u00c9CURIT\u00c9<\/h3>\n\t<div class=\"wpb_text_column wpb_content_element\" >\n\t\t<div class=\"wpb_wrapper\">\n\t\t\t<h4>The Controller uses technical and organizational measures to protect the processed Personal Data adapted to the risks and categories of data covered by protection. The data is protected technically and organizationally against unauthorized access, processing in violation, and change, loss, damage, or destruction.<\/h4>\n<h4>Nous appliquons le principe de minimisation des donn\u00e9es conform\u00e9ment \u00e0 la r\u00e9glementation GDPR, en ne traitant que celles qui sont uniquement n\u00e9cessaires pour fournir nos services et maintenir une qualit\u00e9 satisfaisante pour les Utilisateurs.<\/h4>\n<h4 class=\" translation-block\">The Controller shall take the appropriate measures to ensure the following:<br>\r\nProtection of personal data against loss, unauthorized access and\/or use, destruction, modification, or disclosure; appropriate technical and organizational safeguards (e.g., SSL certificate); protection of personal data according to the level of risk and specific categories of personal data; We would like to emphasize that the use of the Internet and related services may cause the risk of cyber-attacking, including unauthorized access by third parties to any data. Avoidance or minimization of possible threats is possible thanks to the application of appropriate technical security measures, e.g., through the use of antivirus programs and their current update or other measures protecting the User\u2019s identification on the Internet.<\/h4>\n<h4>Le Contr\u00f4leur n'est pas responsable de l'utilisation par d'autres Utilisateurs ou des tiers des Donn\u00e9es Personnelles rendues publiques par les Utilisateurs eux-m\u00eames via\u00a0<strong>www.cloudelitepro.com<\/strong><\/h4>\n<h4>Veuillez noter que cette Politique de Confidentialit\u00e9 peut \u00eatre modifi\u00e9e \u00e0 tout moment. Cette politique de confidentialit\u00e9 est mise \u00e0 jour r\u00e9guli\u00e8rement et mise \u00e0 disposition sur le site Internet<strong> www.cloudelitepro.com<\/strong><\/h4>\n\n\t\t<\/div>\n\t<\/div>\n<\/div><\/div><\/div><\/div><\/div><\/div><\/div><\/div><div class=\"vc_row wpb_row vc_row-fluid vc_custom_1668153096438\"><div class=\"wpb_column vc_column_container vc_col-sm-12\"><div class=\"vc_column-inner\"><div class=\"wpb_wrapper\">\t\t\r\n\t\t<div class=\"mega_uae_btn_435\" style=\"justify-content: flex-end; display: flex;\">\r\n\t\t\t\t\t\t\t<a href=\"https:\/\/cloudelite.pl\/\" target=\"\" title=\"\" class=\"maw_advanced_btn hvr-fade\" style=\"color: #ffffff;background: #241c63 ; border: 2px solid #241c63; border-radius: 6px; font-size: 18px; padding: 10px 25px; font-family:Raleway;font-weight:600;font-style:normal;\" data-text=\"GO BACK\"> \r\n\t\t\t\t\t\t\t\t\t\t\t<i class=\"fas fa-arrow-circle-left icon__left\"><\/i> \r\n\t\t\t\t\t\t\t\t\t\t\tREVENIR\t\t\t\t\t\t\t\t\t<\/a>\r\n\t\t\t\t<div style=\"clear: both;\"><\/div>\r\n\t\t\t\r\n\t\t\t\r\n\t\t\t\r\n\t\t\t\r\n\t\t\t\r\n\t\t\t\t\t<\/div>\r\n\t\t<style>\r\n\t\t\t.mega_uae_btn_435 .maw_advanced_btn{\r\n\t\t\t\ttext-transform: uppercase !important;\r\n\t\t\t\tfont-style: default !important;\r\n\t\t\t\ttext-decoration: default !important;\r\n\t\t\t\tbox-none: 0 10px 20px rgba(0, 0, 0, 0.3) !important;\r\n\t\t\t}\r\n\t\t\t\t\t\t\t.mega_uae_btn_435 .maw_advanced_btn .icon__left {\r\n\t\t\t\t\tfont-size: 18px !important;\r\n\t\t\t\t\tpadding-right: 5px !important;\r\n\t\t\t\t}\r\n\t\t\t\t\t\t\r\n\t\t\t.mega_uae_btn_435 .button--antiman:hover,\r\n\t\t\t.mega_uae_btn_435 .button--nuka:hover,\r\n\t\t\t.mega_uae_btn_435 .button--aylen:hover,\r\n\t\t\t.mega_uae_btn_435 .button--pipaluk:hover {\r\n\t\t\t\tcolor: #241c63 !important;\r\n\t\t\t}\r\n\r\n\t\t\t\t\t\t\t.mega_uae_btn_435 .hvr-fade:hover{\r\n\t\t\t\t\tbackground: #ffffff !important;\r\n\t\t\t\t\tcolor: #241c63 !important;\r\n\t\t\t\t}\r\n\t\t\t\r\n\t\t\t\r\n\t\t\t\t\t\t\r\n\t\t\t\t\t\t\r\n\t\t\t\r\n\t\t\t\t\t\r\n\t\t\t\r\n\t\t\t\r\n\t\t\t\r\n\t\t\t\r\n\t\t\t\r\n\t\t\t\r\n\t\t\t\r\n\t\t\t\r\n\t\t\t\r\n\t\t\t\t\t<\/style>\r\n\r\n\t\t<\/div><\/div><\/div><\/div>","protected":false},"excerpt":{"rendered":"Privacy Policy of Cloud Elite ProGENERAL INFORMATION The data Controller is CLOUD ELITE SP. Z O.O., with headquarters in G\u00f3raszka, at Kacze\u0144c\u00f3w12B street, registered by the District Court for the&hellip;","protected":false},"author":1,"featured_media":0,"parent":0,"menu_order":0,"comment_status":"closed","ping_status":"closed","template":"page-templates\/template-sinatra-fullwidth.php","meta":{"footnotes":""},"class_list":["post-125","page","type-page","status-publish","hentry"],"_links":{"self":[{"href":"https:\/\/cloudelitepro.com\/fr\/wp-json\/wp\/v2\/pages\/125","targetHints":{"allow":["GET"]}}],"collection":[{"href":"https:\/\/cloudelitepro.com\/fr\/wp-json\/wp\/v2\/pages"}],"about":[{"href":"https:\/\/cloudelitepro.com\/fr\/wp-json\/wp\/v2\/types\/page"}],"author":[{"embeddable":true,"href":"https:\/\/cloudelitepro.com\/fr\/wp-json\/wp\/v2\/users\/1"}],"replies":[{"embeddable":true,"href":"https:\/\/cloudelitepro.com\/fr\/wp-json\/wp\/v2\/comments?post=125"}],"version-history":[{"count":6,"href":"https:\/\/cloudelitepro.com\/fr\/wp-json\/wp\/v2\/pages\/125\/revisions"}],"predecessor-version":[{"id":328,"href":"https:\/\/cloudelitepro.com\/fr\/wp-json\/wp\/v2\/pages\/125\/revisions\/328"}],"wp:attachment":[{"href":"https:\/\/cloudelitepro.com\/fr\/wp-json\/wp\/v2\/media?parent=125"}],"curies":[{"name":"wp","href":"https:\/\/api.w.org\/{rel}","templated":true}]}}