{"id":61,"date":"2022-10-24T13:12:48","date_gmt":"2022-10-24T11:12:48","guid":{"rendered":"http:\/\/cloudelite.pl\/?page_id=61"},"modified":"2025-11-27T14:30:09","modified_gmt":"2025-11-27T13:30:09","slug":"home","status":"publish","type":"page","link":"https:\/\/cloudelitepro.com\/fr\/","title":{"rendered":"HOME"},"content":{"rendered":"<div id=\"HELLO\" class=\"vc_row wpb_row vc_row-fluid HELLO vc_custom_1667284773120 vc_row-has-fill vc_column-gap-20 vc_row-o-equal-height vc_row-flex\"><div class=\"wpb_column vc_column_container vc_col-sm-12\"><div class=\"vc_column-inner\"><div class=\"wpb_wrapper\"><div class=\"vc_row wpb_row vc_inner vc_row-fluid vc_custom_1666613868401 vc_row-has-fill\"><div class=\"wpb_column vc_column_container vc_col-sm-8\"><div class=\"vc_column-inner\"><div class=\"wpb_wrapper\"><h1 style=\"font-size: 60px;color: #241c63;text-align: left;font-family:Raleway;font-weight:900;font-style:normal\" class=\"vc_custom_heading wpb_animate_when_almost_visible wpb_fadeIn fadeIn\" >BONJOUR !<\/h1><h2 style=\"font-size: 40px;color: #241c63;text-align: left;font-family:Raleway;font-weight:600;font-style:normal\" class=\"vc_custom_heading wpb_animate_when_almost_visible wpb_fadeIn fadeIn\" >Welcome to Cloud Elite Pro<\/h2><h4 style=\"font-size: 30px;color: #241c63;text-align: left;font-family:Raleway;font-weight:600;font-style:normal\" class=\"vc_custom_heading wpb_animate_when_almost_visible wpb_fadeIn fadeIn\" >D\u00e9bloquez nos solutions technologiques mondiales illimit\u00e9es<\/h4><p style=\"font-size: 22px;color: #241c63;text-align: left;font-family:Raleway;font-weight:500;font-style:normal\" class=\"vc_custom_heading wpb_animate_when_almost_visible wpb_fadeIn fadeIn\" >We are an innovative IT security and technology consulting company determined to deliver the highest quality services and solutions for your unique needs. We are a bold, enthusiastic, diverse, and skilful team of professionals prepared to deliver the best results by utilizing our in-depth understanding of the latest technologies.<\/p><\/div><\/div><\/div><div class=\"wpb_column vc_column_container vc_col-sm-4\"><div class=\"vc_column-inner\"><div class=\"wpb_wrapper\">\n\t<div  class=\"wpb_single_image wpb_content_element vc_align_left\">\n\t\t\n\t\t<figure class=\"wpb_wrapper vc_figure\">\n\t\t\t<div class=\"vc_single_image-wrapper   vc_box_border_grey\"><img loading=\"lazy\" decoding=\"async\" width=\"796\" height=\"1024\" src=\"https:\/\/cloudelitepro.com\/wp-content\/uploads\/2022\/10\/Cloud-Elite-07-796x1024.png\" class=\"vc_single_image-img attachment-large\" alt=\"\" title=\"Cloud Elite-07\" srcset=\"https:\/\/cloudelitepro.com\/wp-content\/uploads\/2022\/10\/Cloud-Elite-07-796x1024.png 796w, https:\/\/cloudelitepro.com\/wp-content\/uploads\/2022\/10\/Cloud-Elite-07-233x300.png 233w, https:\/\/cloudelitepro.com\/wp-content\/uploads\/2022\/10\/Cloud-Elite-07-768x988.png 768w, https:\/\/cloudelitepro.com\/wp-content\/uploads\/2022\/10\/Cloud-Elite-07-1194x1536.png 1194w, https:\/\/cloudelitepro.com\/wp-content\/uploads\/2022\/10\/Cloud-Elite-07.png 1257w\" sizes=\"auto, (max-width: 796px) 100vw, 796px\" \/><\/div>\n\t\t<\/figure>\n\t<\/div>\n<\/div><\/div><\/div><\/div><\/div><\/div><\/div><\/div><div id=\"ABOUT\" class=\"vc_row wpb_row vc_row-fluid ABOUT vc_custom_1667284763184 vc_row-has-fill vc_column-gap-20 vc_row-o-equal-height vc_row-o-content-top vc_row-flex\"><div class=\"wpb_column vc_column_container vc_col-sm-12\"><div class=\"vc_column-inner\"><div class=\"wpb_wrapper\"><div id=\"about\" class=\"vc_row wpb_row vc_inner vc_row-fluid vc_custom_1764165047109 vc_row-has-fill\"><div class=\"wpb_column vc_column_container vc_col-sm-12\"><div class=\"vc_column-inner\"><div class=\"wpb_wrapper\"><h1 style=\"font-size: 50px;color: #241c63;text-align: left;font-family:Raleway;font-weight:900;font-style:normal\" class=\"vc_custom_heading wpb_animate_when_almost_visible wpb_fadeIn fadeIn\" >\u00c0 PROPOS DE NOUS<\/h1><h2 style=\"font-size: 40px;color: #241c63;text-align: left;font-family:Raleway;font-weight:600;font-style:normal\" class=\"vc_custom_heading wpb_animate_when_almost_visible wpb_fadeIn fadeIn\" >Qui sommes-nous<\/h2><h4 style=\"font-size: 30px;color: #241c63;text-align: left;font-family:Raleway;font-weight:600;font-style:normal\" class=\"vc_custom_heading wpb_animate_when_almost_visible wpb_fadeIn fadeIn\" >IT Security Consultancy, Recruiting, and Outsourcing<\/h4><p style=\"font-size: 22px;color: #241c63;text-align: left;font-family:Raleway;font-weight:500;font-style:normal\" class=\"vc_custom_heading wpb_animate_when_almost_visible wpb_fadeIn fadeIn\" >Chez Cloud Elite, la satisfaction du client est notre priorit\u00e9 absolue.\n\nVotre entreprise nous est pr\u00e9cieuse et fait de nous ce que nous sommes. Sans vous, nous n'existerions pas. Nos valeurs sont la confiance, l'honn\u00eatet\u00e9, la qualit\u00e9 et le travail \nd'\u00e9quipe, garantissant que notre \u00e9quipe d\u00e9veloppe une relation solide  avec vous, afin de vous fournir les meilleurs services et des solutions pour tous vos besoins commerciaux individualis\u00e9s.\n\nNous couvrons une gamme de domaines, y compris l'intelligence  d'affaires, le d\u00e9veloppement de sites Web et le d\u00e9veloppement d'applications Web, chacun d'entre eux fi\u00e8rement livr\u00e9, avec notre \napproche organis\u00e9e qui garantit des r\u00e9sultats. Nous aidons \u00e9galement votre \u00e9quipe \u00e0 atteindre vos objectifs en externalisant des experts consultants, qui r\u00e9pondent \u00e0 vos besoins particuliers. Ou bien, nous recrutons les meilleurs talents, dot\u00e9s des comp\u00e9tences appropri\u00e9es n\u00e9cessaires pour faire passer votre entreprise au niveau sup\u00e9rieur. Avec une aptitude \u00e0 prendre des d\u00e9cisions audacieuses et \u00e0 rassembler des effectifs diversifi\u00e9s, proposant des id\u00e9es cr\u00e9atives, nous savons ce qu'il faut pour lib\u00e9rer le potentiel illimit\u00e9 de votre entreprise<\/p><h1 style=\"font-size: 40px;color: #241c63;text-align: left;font-family:Raleway;font-weight:900;font-style:normal\" class=\"vc_custom_heading wpb_animate_when_almost_visible wpb_fadeIn fadeIn\" >NOS CLIENTS<\/h1><p style=\"font-size: 22px;color: #241c63;text-align: left;font-family:Raleway;font-weight:500;font-style:normal\" class=\"vc_custom_heading wpb_animate_when_almost_visible wpb_fadeIn fadeIn\" >Cloud Elite takes pride in serving a diverse and dynamic clientele. Our clients range from large, medium and innovative startups looking to disrupt industries to established enterprises seeking to optimize their operations. We also assist individual consumers seeking top-quality products. Our clients span various sectors, from healthcare to technology, and hail from Europe, America and Australia. We're dedicated to tailoring our solutions to meet the unique needs of each, and we aim to work closely with our clients to ensure mutual success. Our priority is to provide excellent service and help our clients achieve their goals.<\/p><\/div><\/div><\/div><\/div><\/div><\/div><\/div><\/div><div id=\"SERVICES\" class=\"vc_row wpb_row vc_row-fluid SERVICES vc_custom_1667284791771 vc_row-has-fill vc_column-gap-20 vc_row-o-equal-height vc_row-flex\"><div class=\"wpb_column vc_column_container vc_col-sm-12\"><div class=\"vc_column-inner\"><div class=\"wpb_wrapper\"><div id=\"services\" class=\"vc_row wpb_row vc_inner vc_row-fluid vc_custom_1764165066097 vc_row-has-fill\"><div class=\"wpb_column vc_column_container vc_col-sm-12\"><div class=\"vc_column-inner\"><div class=\"wpb_wrapper\"><h1 style=\"font-size: 50px;color: #241c63;text-align: left;font-family:Raleway;font-weight:900;font-style:normal\" class=\"vc_custom_heading wpb_animate_when_almost_visible wpb_fadeIn fadeIn\" >NOS SERVICES<\/h1><h2 style=\"font-size: 40px;color: #241c63;text-align: left;font-family:Raleway;font-weight:600;font-style:normal\" class=\"vc_custom_heading wpb_animate_when_almost_visible wpb_fadeIn fadeIn\" >Ce que nous offrons<\/h2><h4 style=\"font-size: 30px;color: #241c63;text-align: left;font-family:Raleway;font-weight:600;font-style:normal\" class=\"vc_custom_heading wpb_animate_when_almost_visible wpb_fadeIn fadeIn\" >Solutions de conseil en d\u00e9veloppement num\u00e9rique et plus encore !<\/h4><p style=\"font-size: 22px;color: #241c63;text-align: left;font-family:Raleway;font-weight:500;font-style:normal\" class=\"vc_custom_heading wpb_animate_when_almost_visible wpb_fadeIn fadeIn\" >Cloud Elite g\u00e8re fi\u00e8rement une \u00e9quipe de professionnels, aux connaissances larges, chacun \u00e9tant capable de vous fournir les \ninformations dont vous avez besoin pour que votre entreprise prosp\u00e8re.\n\nNous sommes fiers de vous offrir notre responsabilit\u00e9, notre qualit\u00e9 haut de gamme, notre honn\u00eatet\u00e9 et notre approche collaborative. Avec nos services d'intelligence d'affaires, nous ne nous arr\u00eatons pas \u00e0 la gestion d'entreprise. Nous fournissons une expertise technique approfondie pour \ncouvrir tous les services suivants, y compris l'offre de solutions technologiques \n\u00e0 distance :<\/p>\n\t<div  class=\"wpb_single_image wpb_content_element vc_align_left\">\n\t\t\n\t\t<figure class=\"wpb_wrapper vc_figure\">\n\t\t\t<div class=\"vc_single_image-wrapper   vc_box_border_grey\"><img loading=\"lazy\" decoding=\"async\" width=\"1024\" height=\"114\" src=\"https:\/\/cloudelitepro.com\/wp-content\/uploads\/2025\/04\/CYBERSECURITY-2-1024x114.png\" class=\"vc_single_image-img attachment-large\" alt=\"\" title=\"CYBERSECURITY (2)\" srcset=\"https:\/\/cloudelitepro.com\/wp-content\/uploads\/2025\/04\/CYBERSECURITY-2-1024x114.png 1024w, https:\/\/cloudelitepro.com\/wp-content\/uploads\/2025\/04\/CYBERSECURITY-2-300x33.png 300w, https:\/\/cloudelitepro.com\/wp-content\/uploads\/2025\/04\/CYBERSECURITY-2-768x86.png 768w, https:\/\/cloudelitepro.com\/wp-content\/uploads\/2025\/04\/CYBERSECURITY-2-1536x171.png 1536w, https:\/\/cloudelitepro.com\/wp-content\/uploads\/2025\/04\/CYBERSECURITY-2-18x2.png 18w, https:\/\/cloudelitepro.com\/wp-content\/uploads\/2025\/04\/CYBERSECURITY-2.png 1911w\" sizes=\"auto, (max-width: 1024px) 100vw, 1024px\" \/><\/div>\n\t\t<\/figure>\n\t<\/div>\n<p style=\"font-size: 22px;color: #241c63;text-align: left;font-family:Raleway;font-weight:500;font-style:normal\" class=\"vc_custom_heading wpb_animate_when_almost_visible wpb_fadeIn fadeIn\" >Nous pouvons \u00e9galement r\u00e9soudre de nombreux probl\u00e8mes depuis nos \nbureaux, vous aidant \u00e0 apprendre, tout au long du processus, dans le confort pratique de votre environnement. Nous fournissons ais\u00e9ment un large \u00e9ventail de solutions techniques r\u00e9solvant des probl\u00e8mes, en \nveillant \u00e0 ce que vous vous sentiez parfaitement \u00e9paul\u00e9, tout au long du \nprocessus.<\/p><\/div><\/div><\/div><\/div><\/div><\/div><\/div><\/div><div id=\"CONTACT\" class=\"vc_row wpb_row vc_row-fluid CONTACT vc_custom_1667284786740 vc_row-has-fill vc_column-gap-20 vc_row-o-equal-height vc_row-flex\"><div class=\"wpb_column vc_column_container vc_col-sm-12\"><div class=\"vc_column-inner\"><div class=\"wpb_wrapper\"><div id=\"contact\" class=\"vc_row wpb_row vc_inner vc_row-fluid vc_custom_1764165268357 vc_row-has-fill\"><div class=\"wpb_column vc_column_container vc_col-sm-8\"><div class=\"vc_column-inner\"><div class=\"wpb_wrapper\"><h1 style=\"font-size: 50px;color: #241c63;text-align: left;font-family:Raleway;font-weight:900;font-style:normal\" class=\"vc_custom_heading wpb_animate_when_almost_visible wpb_fadeIn fadeIn\" >NOUS CONTACTER<\/h1><h4 style=\"font-size: 30px;color: #241c63;text-align: left;font-family:Raleway;font-weight:600;font-style:normal\" class=\"vc_custom_heading wpb_animate_when_almost_visible wpb_fadeIn fadeIn\" >Contactez-nous aujourd'hui !<\/h4><p style=\"font-size: 22px;color: #241c63;text-align: left;font-family:Raleway;font-weight:500;font-style:normal\" class=\"vc_custom_heading wpb_animate_when_almost_visible wpb_fadeIn fadeIn\" >Should you have any further questions or concerns regarding our expertise in business development, services, outsourcing, or recruiting, please feel free to reach out to us at contact@cloudelitepro.com, and we will be happy to get back to you at our earliest convenience.<br \/>\nSi vous souhaitez un devis personnalis\u00e9, veuillez remplir le formulaire \nci-dessous, nous vous r\u00e9pondrons rapidement avec une r\u00e9f\u00e9rence unique \net un plan d\u00e9taill\u00e9 concernant votre ou vos demandes de services. Nous \nnous effor\u00e7ons toujours de fournir les meilleures r\u00e9ponses et solutions, \navec honn\u00eatet\u00e9 et efficacit\u00e9.\nNous attendons de vos nouvelles bient\u00f4t !<\/p><div class=\"vc_btn3-container vc_btn3-left\" ><a style=\"background-color:#241c63; color:#ffffff;\" class=\"vc_general vc_btn3 vc_btn3-size-md vc_btn3-shape-round vc_btn3-style-custom\" href=\"https:\/\/cloudelite.pl\/contact-us\/\" title=\"\">NOUS CONTACTER<\/a><\/div><\/div><\/div><\/div><div class=\"wpb_column vc_column_container vc_col-sm-4\"><div class=\"vc_column-inner\"><div class=\"wpb_wrapper\">\n\t<div  class=\"wpb_single_image wpb_content_element vc_align_left\">\n\t\t\n\t\t<figure class=\"wpb_wrapper vc_figure\">\n\t\t\t<div class=\"vc_single_image-wrapper   vc_box_border_grey\"><img loading=\"lazy\" decoding=\"async\" width=\"796\" height=\"1024\" src=\"https:\/\/cloudelitepro.com\/wp-content\/uploads\/2022\/11\/contact-us-01-796x1024.png\" class=\"vc_single_image-img attachment-large\" alt=\"\" title=\"NOUS CONTACTER-01\" srcset=\"https:\/\/cloudelitepro.com\/wp-content\/uploads\/2022\/11\/contact-us-01-796x1024.png 796w, https:\/\/cloudelitepro.com\/wp-content\/uploads\/2022\/11\/contact-us-01-233x300.png 233w, https:\/\/cloudelitepro.com\/wp-content\/uploads\/2022\/11\/contact-us-01-768x988.png 768w, https:\/\/cloudelitepro.com\/wp-content\/uploads\/2022\/11\/contact-us-01-1194x1536.png 1194w, https:\/\/cloudelitepro.com\/wp-content\/uploads\/2022\/11\/contact-us-01-1592x2048.png 1592w, https:\/\/cloudelitepro.com\/wp-content\/uploads\/2022\/11\/contact-us-01.png 1659w\" sizes=\"auto, (max-width: 796px) 100vw, 796px\" \/><\/div>\n\t\t<\/figure>\n\t<\/div>\n<\/div><\/div><\/div><\/div><\/div><\/div><\/div><\/div><div id=\"JOIN\" class=\"vc_row wpb_row vc_row-fluid JOIN vc_custom_1667284807710 vc_row-has-fill vc_column-gap-20 vc_row-o-equal-height vc_row-flex\"><div class=\"wpb_column vc_column_container vc_col-sm-12\"><div class=\"vc_column-inner\"><div class=\"wpb_wrapper\"><div id=\"join\" class=\"vc_row wpb_row vc_inner vc_row-fluid vc_custom_1764165337493 vc_row-has-fill\"><div class=\"wpb_column vc_column_container vc_col-sm-8\"><div class=\"vc_column-inner\"><div class=\"wpb_wrapper\"><h1 style=\"font-size: 50px;color: #241c63;text-align: left;font-family:Raleway;font-weight:900;font-style:normal\" class=\"vc_custom_heading wpb_animate_when_almost_visible wpb_fadeIn fadeIn\" >REJOIGNEZ-NOUS<\/h1><h4 style=\"font-size: 30px;color: #241c63;text-align: left;font-family:Raleway;font-weight:600;font-style:normal\" class=\"vc_custom_heading wpb_animate_when_almost_visible wpb_fadeIn fadeIn\" >Rejoignez notre \u00e9quipe de professionnels \npassionn\u00e9s<\/h4><p style=\"font-size: 22px;color: #241c63;text-align: left;font-family:Raleway;font-weight:500;font-style:normal\" class=\"vc_custom_heading wpb_animate_when_almost_visible wpb_fadeIn fadeIn\" >Are you looking to join a team of organized, skillful professionals who value honesty, trust, and valuable customer service and relationships? Cloud Elite Pro might be the place for you. We are a company where you can grow alongside like-minded individuals striving for excellence. We love hearing from diverse candidates from all backgrounds with a bold approach to their work. Feel free to browse our open positions, and should you find a job opening that you believe would be a good fit for you and your professional experience, feel free to apply. We look forward to receiving your application.<\/p><div class=\"vc_btn3-container vc_btn3-left\" ><a style=\"background-color:#241c63; color:#ffffff;\" class=\"vc_general vc_btn3 vc_btn3-size-md vc_btn3-shape-round vc_btn3-style-custom\" href=\"https:\/\/cloudelite.pl\/join-us\/\" title=\"\">REJOIGNEZ-NOUS<\/a><\/div><\/div><\/div><\/div><div class=\"wpb_column vc_column_container vc_col-sm-4\"><div class=\"vc_column-inner\"><div class=\"wpb_wrapper\">\n\t<div  class=\"wpb_single_image wpb_content_element vc_align_left\">\n\t\t\n\t\t<figure class=\"wpb_wrapper vc_figure\">\n\t\t\t<div class=\"vc_single_image-wrapper   vc_box_border_grey\"><img loading=\"lazy\" decoding=\"async\" width=\"796\" height=\"1024\" src=\"https:\/\/cloudelitepro.com\/wp-content\/uploads\/2022\/10\/Cloud-Elite-14-796x1024.png\" class=\"vc_single_image-img attachment-large\" alt=\"\" title=\"Cloud Elite-14\" srcset=\"https:\/\/cloudelitepro.com\/wp-content\/uploads\/2022\/10\/Cloud-Elite-14-796x1024.png 796w, https:\/\/cloudelitepro.com\/wp-content\/uploads\/2022\/10\/Cloud-Elite-14-233x300.png 233w, https:\/\/cloudelitepro.com\/wp-content\/uploads\/2022\/10\/Cloud-Elite-14-768x988.png 768w, https:\/\/cloudelitepro.com\/wp-content\/uploads\/2022\/10\/Cloud-Elite-14-1194x1536.png 1194w, https:\/\/cloudelitepro.com\/wp-content\/uploads\/2022\/10\/Cloud-Elite-14.png 1257w\" sizes=\"auto, (max-width: 796px) 100vw, 796px\" \/><\/div>\n\t\t<\/figure>\n\t<\/div>\n<\/div><\/div><\/div><\/div><\/div><\/div><\/div><\/div>","protected":false},"excerpt":{"rendered":"HELLO!Welcome to Cloud Elite ProUnlock our limitless global tech solutionsWe are an innovative IT security and technology consulting company determined to deliver the highest quality services and solutions for your&hellip;","protected":false},"author":1,"featured_media":0,"parent":0,"menu_order":0,"comment_status":"closed","ping_status":"closed","template":"page-templates\/template-sinatra-fullwidth.php","meta":{"footnotes":""},"class_list":["post-61","page","type-page","status-publish","hentry"],"_links":{"self":[{"href":"https:\/\/cloudelitepro.com\/fr\/wp-json\/wp\/v2\/pages\/61","targetHints":{"allow":["GET"]}}],"collection":[{"href":"https:\/\/cloudelitepro.com\/fr\/wp-json\/wp\/v2\/pages"}],"about":[{"href":"https:\/\/cloudelitepro.com\/fr\/wp-json\/wp\/v2\/types\/page"}],"author":[{"embeddable":true,"href":"https:\/\/cloudelitepro.com\/fr\/wp-json\/wp\/v2\/users\/1"}],"replies":[{"embeddable":true,"href":"https:\/\/cloudelitepro.com\/fr\/wp-json\/wp\/v2\/comments?post=61"}],"version-history":[{"count":21,"href":"https:\/\/cloudelitepro.com\/fr\/wp-json\/wp\/v2\/pages\/61\/revisions"}],"predecessor-version":[{"id":322,"href":"https:\/\/cloudelitepro.com\/fr\/wp-json\/wp\/v2\/pages\/61\/revisions\/322"}],"wp:attachment":[{"href":"https:\/\/cloudelitepro.com\/fr\/wp-json\/wp\/v2\/media?parent=61"}],"curies":[{"name":"wp","href":"https:\/\/api.w.org\/{rel}","templated":true}]}}